{"id":2,"date":"2023-04-28T12:39:33","date_gmt":"2023-04-28T10:39:33","guid":{"rendered":"http:\/\/creacom.me\/?page_id=2"},"modified":"2023-11-03T13:32:11","modified_gmt":"2023-11-03T12:32:11","slug":"page-d-exemple","status":"publish","type":"page","link":"https:\/\/creacom.me\/","title":{"rendered":"Accueil"},"content":{"rendered":"\n<h2 class=\"wp-block-heading has-text-align-center\"><strong>Chez CreaCom, nous proposons un service de communication d\u00e9di\u00e9 aux PME et ind\u00e9pendants afin de leur offrir une visibilit\u00e9 sur les r\u00e9seaux sociaux et Internet.<\/strong><\/h2>\n\n\n<p>Ces derni\u00e8res ann\u00e9es, les r\u00e9seaux sociaux ont pris une grande ampleur. Tant dans la sph\u00e8re priv\u00e9e, c\u2019est ce moyen qui est d\u00e9sormais privil\u00e9gi\u00e9 lorsque l\u2019on veut communiquer avec son entourage, qu\u2019au niveau professionnel.Au fur et \u00e0 mesure des ann\u00e9es, les pages d\u2019entreprises et de grandes marques n\u2019ont cess\u00e9 de fleurir, que cela soit sur Facebook, Instagram ou LinkedIn.<!-- \/wp:post-content --><!-- wp:paragraph --><\/p>\n<p><!-- \/wp:paragraph --><!-- wp:paragraph --><\/p>\n<p>Le community management est la gestion de ces r\u00e9seaux sociaux et des<br \/>communaut\u00e9s qui en d\u00e9coulent.<\/p>\n<p>C\u2019est un m\u00e9tier \u00e0 part enti\u00e8re et souvent r\u00e9serv\u00e9 aux grandes entreprises. Cela demande du temps et de la rigueur.<!-- \/wp:paragraph --><!-- wp:paragraph --><\/p>\n<p>La plupart des g\u00e9rants de TPE, PME pr\u00e9f\u00e8rent mettre leur temps au profit de leur c\u0153ur de m\u00e9tier plut\u00f4t qu\u2019\u00e0 la gestion de leurs r\u00e9seaux sociaux, et ce, \u00e0 juste titre&#8230;<\/p>\n<p>C\u2019est un m\u00e9tier \u00e0 part enti\u00e8re et souvent r\u00e9serv\u00e9 aux grandes entreprises. Cela demande du temps et de la rigueur. La plupart des g\u00e9rants de TPE, PME pr\u00e9f\u00e8rent mettre leur temps au profit de leur c\u0153ur de m\u00e9tier plut\u00f4t qu\u2019\u00e0 la gestion de leurs r\u00e9seaux sociaux, et ce, \u00e0 juste titre.<\/p>\n<p><!-- \/wp:paragraph --><\/p>\n<div class=\"wp-block-columns\">\n<p><!-- \/wp:column --><\/p>\n<\/div>\n<p><!-- \/wp:columns --><\/p>\n<p><!-- wp:heading {\"textAlign\":\"center\"} --><\/p>\n<p><!-- \/wp:heading --><\/p>\n<p><!-- wp:paragraph --><\/p>\n<p><!-- \/wp:paragraph --><\/p>\n<p><!-- wp:cover {\"url\":\"http:\/\/creacom.me\/wp-content\/uploads\/2023\/04\/diverses-personnes-utilisant-leur-telephone-scaled.jpg\",\"id\":28,\"hasParallax\":true,\"dimRatio\":40,\"customOverlayColor\":\"#000000\",\"minHeight\":100,\"minHeightUnit\":\"vh\",\"contentPosition\":\"center center\",\"isDark\":false,\"align\":\"full\"} --><\/p>\n<div class=\"wp-block-cover alignfull is-light has-parallax\" style=\"min-height: 100vh;\">\n<div class=\"wp-block-cover__image-background wp-image-28 has-parallax\" style=\"background-position: 50% 50%; background-image: url('http:\/\/creacom.me\/wp-content\/uploads\/2023\/04\/diverses-personnes-utilisant-leur-telephone-scaled.jpg');\" role=\"img\">\u00a0<\/div>\n<div class=\"wp-block-cover__inner-container\"><!-- wp:heading {\"style\":{\"typography\":{\"fontSize\":\"48px\",\"lineHeight\":\"1.2\"}},\"className\":\"alignwide has-white-color has-text-color\"} -->\n<h2 class=\"wp-block-heading alignwide has-white-color has-text-color\" style=\"font-size: 48px; line-height: 1.2;\"><strong><em>Community Management pour<\/em><\/strong><br \/><strong><em><strong><em>les PME et ind\u00e9pendants<\/em><\/strong><\/em><\/strong><\/h2>\n<p><!-- \/wp:heading --><\/p>\n<p><!-- wp:columns {\"align\":\"wide\"} --><\/p>\n<div class=\"wp-block-columns alignwide\"><!-- wp:column {\"width\":\"60%\"} -->\n<div class=\"wp-block-column\" style=\"flex-basis: 60%;\"><!-- wp:paragraph {\"style\":{\"color\":{\"text\":\"#ffffff\"}}} -->\n<p class=\"has-text-color\" style=\"color: #ffffff;\"><strong><mark class=\"has-inline-color\" style=\"background-color: var(--nv-site-bg);\">Publication sur vos r\u00e9seaux sociaux<\/mark><\/strong><\/p>\n<p class=\"has-text-color\" style=\"color: #ffffff;\"><strong><mark class=\"has-inline-color\" style=\"background-color: var(--nv-site-bg);\">Mise \u00e0 jour de votre site web<\/mark><\/strong><\/p>\n<p class=\"has-text-color\" style=\"color: #ffffff;\"><strong><mark class=\"has-inline-color\" style=\"background-color: var(--nv-site-bg);\">Cr\u00e9ation de visuels et c<\/mark><\/strong><strong><mark class=\"has-inline-color\" style=\"background-color: var(--nv-site-bg);\">r\u00e9ation de contenu<\/mark><\/strong><\/p>\n<p class=\"has-text-color\" style=\"color: #ffffff;\"><strong><mark class=\"has-inline-color\" style=\"background-color: var(--nv-site-bg);\">Campagne e-mailing\u00a0\u00a0 <\/mark><\/strong><\/p>\n<p><!-- \/wp:paragraph --><\/p>\n<p><!-- wp:paragraph --><\/p>\n<p><!-- \/wp:paragraph --><\/p>\n<p><!-- wp:buttons --><\/p>\n<div class=\"wp-block-buttons\"><!-- wp:button -->\n<div class=\"wp-block-button\"><a class=\"wp-block-button__link wp-element-button\" href=\"http:\/\/creacom.me\/index.php\/contact\/\">Nous contacter<\/a><\/div>\n<p><!-- \/wp:button --><\/p>\n<\/div>\n<p><!-- \/wp:buttons --><\/p>\n<\/div>\n<p><!-- \/wp:column --><\/p>\n<\/div>\n<p><!-- \/wp:columns --><\/p>\n<\/div>\n<\/div>\n<p><!-- \/wp:cover --><\/p>\n<p><!-- wp:spacer --><\/p>\n<div class=\"wp-block-spacer\" style=\"height: 100px;\" aria-hidden=\"true\">\u00a0<\/div>\n<p><!-- \/wp:spacer --><\/p>\n<p><!-- wp:columns --><\/p>\n<div class=\"wp-block-columns\"><!-- wp:column -->\n<div class=\"wp-block-column\"><!-- wp:heading {\"textAlign\":\"center\",\"level\":3} -->\n<h3 class=\"wp-block-heading has-text-align-center\">Publication sur vos r\u00e9seaux sociaux<\/h3>\n<p><!-- \/wp:heading --><\/p>\n<p><!-- wp:paragraph --><\/p>\n<p>Nous cr\u00e9ons des publications sur vos pages Facebook, Instagram, Linkedin, Tiktok&#8230; Nous nous occupons de cr\u00e9er les publications et de les publier sur vos diff\u00e9rents r\u00e9seaux.<\/p>\n<p><!-- \/wp:paragraph --><\/p>\n<\/div>\n<p><!-- \/wp:column --><\/p>\n<p><!-- wp:column --><\/p>\n<div class=\"wp-block-column\"><!-- wp:heading {\"textAlign\":\"center\",\"level\":3} -->\n<h3 class=\"wp-block-heading has-text-align-center\">Mise \u00e0 jour de votre site internet<\/h3>\n<p><!-- \/wp:heading --><\/p>\n<p><!-- wp:paragraph --><\/p>\n<p>Rien de pire qu&rsquo;un site web qui ne bouge pas ou qui affiche une news de 2019&#8230; Nous mettons votre site web \u00e0 jour avec les derni\u00e8res publications et photos.<\/p>\n<p><!-- \/wp:paragraph --><\/p>\n<\/div>\n<p><!-- \/wp:column --><\/p>\n<p><!-- wp:column --><\/p>\n<div class=\"wp-block-column\"><!-- wp:heading {\"textAlign\":\"center\",\"level\":3} -->\n<h3 class=\"wp-block-heading has-text-align-center\">Cr\u00e9ation de visuels pour vos publications<\/h3>\n<p><!-- \/wp:heading --><\/p>\n<p><!-- wp:paragraph --><\/p>\n<p>Si vous d\u00e9sirez publier vous-m\u00eame, nous pouvons vous aider dans la pr\u00e9paration de vos visuels pour vos publications (retouche photos, animations, vid\u00e9os&#8230;).<\/p>\n<p><!-- \/wp:paragraph --><\/p>\n<\/div>\n<p><!-- \/wp:column --><\/p>\n<\/div>\n<p><!-- \/wp:columns --><\/p>\n<p><!-- wp:columns --><\/p>\n<div class=\"wp-block-columns\"><!-- wp:column -->\n<div class=\"wp-block-column\"><!-- wp:image {\"id\":41,\"sizeSlug\":\"full\",\"linkDestination\":\"none\"} -->\n<figure class=\"wp-block-image size-full\"><img loading=\"lazy\" decoding=\"async\" width=\"512\" height=\"512\" class=\"wp-image-41\" src=\"http:\/\/creacom.me\/wp-content\/uploads\/2023\/04\/cropped-Creacom-logo-blanc-1.png\" alt=\"\" srcset=\"https:\/\/creacom.me\/wp-content\/uploads\/2023\/04\/cropped-Creacom-logo-blanc-1.png 512w, https:\/\/creacom.me\/wp-content\/uploads\/2023\/04\/cropped-Creacom-logo-blanc-1-300x300.png 300w, https:\/\/creacom.me\/wp-content\/uploads\/2023\/04\/cropped-Creacom-logo-blanc-1-150x150.png 150w, https:\/\/creacom.me\/wp-content\/uploads\/2023\/04\/cropped-Creacom-logo-blanc-1-270x270.png 270w, https:\/\/creacom.me\/wp-content\/uploads\/2023\/04\/cropped-Creacom-logo-blanc-1-192x192.png 192w, https:\/\/creacom.me\/wp-content\/uploads\/2023\/04\/cropped-Creacom-logo-blanc-1-180x180.png 180w, https:\/\/creacom.me\/wp-content\/uploads\/2023\/04\/cropped-Creacom-logo-blanc-1-32x32.png 32w\" sizes=\"auto, (max-width: 512px) 100vw, 512px\" \/><\/figure>\n<p><!-- \/wp:image --><\/p>\n<\/div>\n<p><!-- \/wp:column --><\/p>\n<p><!-- wp:column --><\/p>\n<div class=\"wp-block-column\"><!-- wp:heading {\"textAlign\":\"center\",\"level\":3} -->\n<h3 class=\"wp-block-heading has-text-align-center\">Cr\u00e9ation de contenu<\/h3>\n<p><!-- \/wp:heading --><\/p>\n<p><!-- wp:paragraph --><\/p>\n<p>Nous pouvons vous aider dans la r\u00e9alisation de contenu pour vos publications, brochures, flyers ou site web. Nous r\u00e9alisons des textes et visuels en phase avec votre image et votre public cible.<\/p>\n<p><!-- \/wp:paragraph --><\/p>\n<\/div>\n<p><!-- \/wp:column --><\/p>\n<p><!-- wp:column --><\/p>\n<div class=\"wp-block-column\"><!-- wp:heading {\"textAlign\":\"center\",\"level\":3} -->\n<h3 class=\"wp-block-heading has-text-align-center\">Campagne e-mailing<\/h3>\n<p><!-- \/wp:heading --><\/p>\n<p><!-- wp:paragraph --><\/p>\n<p>Nous configurons pour vous un outil simple de campagnes e-mailing et vous proposons de faire vos campagnes \u00e0 votre image et \u00e0 la fr\u00e9quence qui vous convient.<\/p>\n<p><!-- \/wp:paragraph --><\/p>\n<\/div>\n<p><!-- \/wp:column --><\/p>\n<\/div>\n<p><!-- \/wp:columns --><\/p>\n<p><!-- wp:columns --><\/p>\n<div class=\"wp-block-columns\">\u00a0<\/div>\n<p><!-- \/wp:columns --><\/p>\n<p><!-- wp:cover {\"url\":\"http:\/\/creacom.me\/wp-content\/uploads\/2023\/04\/social-network-connection-avatar-icon-vector-scaled.jpg\",\"id\":29,\"hasParallax\":true,\"dimRatio\":40,\"customOverlayColor\":\"#000000\",\"minHeight\":100,\"minHeightUnit\":\"vh\",\"contentPosition\":\"center center\",\"align\":\"full\"} --><\/p>\n<div class=\"wp-block-cover alignfull has-parallax\" style=\"min-height: 100vh;\">\n<div class=\"wp-block-cover__image-background wp-image-29 has-parallax\" style=\"background-position: 50% 50%; background-image: url('http:\/\/creacom.me\/wp-content\/uploads\/2023\/04\/social-network-connection-avatar-icon-vector-scaled.jpg');\" role=\"img\">\u00a0<\/div>\n<div class=\"wp-block-cover__inner-container\"><!-- wp:heading {\"style\":{\"typography\":{\"fontSize\":\"48px\",\"lineHeight\":\"1.2\"}},\"className\":\"alignwide has-white-color has-text-color\"} -->\n<h2 class=\"wp-block-heading alignwide has-white-color has-text-color\" style=\"font-size: 48px; line-height: 1.2;\"><strong><em>Des prix pour les PME<\/em><\/strong><br \/><strong><em>A partir de 10,00\u20ac \/ publication ! <\/em><\/strong><\/h2>\n<p><!-- \/wp:heading --><\/p>\n<p><!-- wp:columns {\"align\":\"wide\"} --><\/p>\n<div class=\"wp-block-columns alignwide\"><!-- wp:column {\"width\":\"60%\"} -->\n<div class=\"wp-block-column\" style=\"flex-basis: 60%;\"><!-- wp:paragraph {\"style\":{\"color\":{\"text\":\"#ffffff\"}}} -->\n<p class=\"has-text-color\" style=\"color: #ffffff;\"><strong><mark class=\"has-inline-color\" style=\"background-color: var(--nv-text-dark-bg);\">Des tarifs simples pour un budget contr\u00f4l\u00e9 en fonction de votre budget&#8230;<\/mark><\/strong><\/p>\n<p><!-- \/wp:paragraph --><\/p>\n<p><!-- wp:buttons --><\/p>\n<div class=\"wp-block-buttons\"><!-- wp:button {\"style\":{\"color\":{\"text\":\"#ffffff\",\"background\":\"#000000\"}},\"className\":\"is-style-outline\"} -->\n<div class=\"wp-block-button is-style-outline\"><a class=\"wp-block-button__link has-text-color has-background wp-element-button\" style=\"color: #ffffff; background-color: #000000;\">Nos tarifs<\/a><\/div>\n<p><!-- \/wp:button --><\/p>\n<\/div>\n<p><!-- \/wp:buttons --><\/p>\n<\/div>\n<p><!-- \/wp:column --><\/p>\n<p><!-- wp:column --><\/p>\n<div class=\"wp-block-column\">\u00a0<\/div>\n<p><!-- \/wp:column --><\/p>\n<\/div>\n<p><!-- \/wp:columns --><\/p>\n<\/div>\n<\/div>\n<p><!-- \/wp:cover --><\/p>","protected":false},"excerpt":{"rendered":"<p>Chez CreaCom, nous proposons un service de communication d\u00e9di\u00e9 aux PME et ind\u00e9pendants afin de leur offrir une visibilit\u00e9 sur les r\u00e9seaux sociaux et Internet. Ces derni\u00e8res ann\u00e9es, les r\u00e9seaux sociaux ont pris une grande ampleur. Tant dans la sph\u00e8re priv\u00e9e, c\u2019est ce moyen qui est d\u00e9sormais privil\u00e9gi\u00e9 lorsque l\u2019on veut communiquer avec son entourage,&hellip;&nbsp;<a href=\"https:\/\/creacom.me\/\" class=\"\" rel=\"bookmark\">Lire la suite &raquo;<span class=\"screen-reader-text\">Accueil<\/span><\/a><\/p>\n","protected":false},"author":1,"featured_media":0,"parent":0,"menu_order":0,"comment_status":"closed","ping_status":"open","template":"","meta":{"neve_meta_sidebar":"","neve_meta_container":"","neve_meta_enable_content_width":"","neve_meta_content_width":0,"neve_meta_title_alignment":"","neve_meta_author_avatar":"","neve_post_elements_order":"","neve_meta_disable_header":"off","neve_meta_disable_footer":"","neve_meta_disable_title":"on","footnotes":""},"class_list":["post-2","page","type-page","status-publish","hentry"],"_links":{"self":[{"href":"https:\/\/creacom.me\/index.php\/wp-json\/wp\/v2\/pages\/2","targetHints":{"allow":["GET"]}}],"collection":[{"href":"https:\/\/creacom.me\/index.php\/wp-json\/wp\/v2\/pages"}],"about":[{"href":"https:\/\/creacom.me\/index.php\/wp-json\/wp\/v2\/types\/page"}],"author":[{"embeddable":true,"href":"https:\/\/creacom.me\/index.php\/wp-json\/wp\/v2\/users\/1"}],"replies":[{"embeddable":true,"href":"https:\/\/creacom.me\/index.php\/wp-json\/wp\/v2\/comments?post=2"}],"version-history":[{"count":45,"href":"https:\/\/creacom.me\/index.php\/wp-json\/wp\/v2\/pages\/2\/revisions"}],"predecessor-version":[{"id":148,"href":"https:\/\/creacom.me\/index.php\/wp-json\/wp\/v2\/pages\/2\/revisions\/148"}],"wp:attachment":[{"href":"https:\/\/creacom.me\/index.php\/wp-json\/wp\/v2\/media?parent=2"}],"curies":[{"name":"wp","href":"https:\/\/api.w.org\/{rel}","templated":true}]}}